{"id":51,"date":"2023-02-09T14:32:27","date_gmt":"2023-02-09T14:32:27","guid":{"rendered":"https:\/\/www.asterionelegge.it\/?page_id=51"},"modified":"2025-11-25T16:58:13","modified_gmt":"2025-11-25T16:58:13","slug":"uno-a-uno","status":"publish","type":"page","link":"https:\/\/www.asterionelegge.it\/it\/uno-a-uno\/","title":{"rendered":"UNO A UNO"},"content":{"rendered":"<p>[et_pb_section fb_built=&#8221;1&#8243; admin_label=&#8221;Page Title Section&#8221; _builder_version=&#8221;4.27.4&#8243; background_color=&#8221;#003e5b&#8221; background_enable_image=&#8221;off&#8221; parallax=&#8221;on&#8221; custom_padding=&#8221;5px|37px|5px||false|false&#8221; global_colors_info=&#8221;{}&#8221;][et_pb_row column_structure=&#8221;2_3,1_3&#8243; _builder_version=&#8221;4.27.4&#8243; _module_preset=&#8221;default&#8221; global_colors_info=&#8221;{}&#8221;][et_pb_column type=&#8221;2_3&#8243; _builder_version=&#8221;4.27.4&#8243; _module_preset=&#8221;default&#8221; global_colors_info=&#8221;{}&#8221;][et_pb_image src=&#8221;https:\/\/www.asterionelegge.it\/wp-content\/uploads\/2023\/02\/graffitoVirat3.jpg&#8221; title_text=&#8221;graffitoVirat3&#8243; _builder_version=&#8221;4.27.4&#8243; _module_preset=&#8221;default&#8221; width=&#8221;98.9%&#8221; custom_margin=&#8221;|27px||-4px||&#8221; custom_padding=&#8221;|0px||3px||&#8221; global_colors_info=&#8221;{}&#8221;][\/et_pb_image][\/et_pb_column][et_pb_column type=&#8221;1_3&#8243; _builder_version=&#8221;4.27.4&#8243; _module_preset=&#8221;default&#8221; global_colors_info=&#8221;{}&#8221;][et_pb_text _builder_version=&#8221;4.27.4&#8243; _module_preset=&#8221;default&#8221; width=&#8221;95%&#8221; custom_margin=&#8221;||||false|false&#8221; inline_fonts=&#8221;Verdana,Arial&#8221; global_colors_info=&#8221;{}&#8221;]<\/p>\n<p><span style=\"font-family: Arial; font-size: small; color: rgba(224, 208, 92, 0.67); font-weight: normal;\"><strong>AsterioneLegge<\/strong> \u00e8 uno studio legale focalizzato sul diritto dell\u2019impresa e degli affari. Si avvale della collaborazione di numerosi professionisti con solida esperienza \u2013 in Italia e all\u2019estero &#8211; nei settori del diritto societario e commerciale, fusioni ed acquisizioni, private equity, diritto della concorrenza e antitrust, e del diritto dell\u2019arte.<\/span><br \/><span style=\"color: rgba(224, 208, 92, 0.67); font-family: Arial; font-size: small; font-weight: normal;\"><\/span><\/p>\n<p><span style=\"color: rgba(224, 208, 92, 0.67); font-family: Arial; font-weight: normal; font-size: small;\">AsterioneLegge nasce e si nutre dell\u2019idea di valorizzare la versatilit\u00e0 di intelligenze complementari, per la ricerca dell\u2019eccellenza. <\/span><\/p>\n<p><span style=\"color: rgba(224, 208, 92, 0.67); font-family: Arial; font-weight: normal; font-size: small;\">Il nostro team di lavoro \u00e8 agile, flessibile nel metodo e nella formazione per ottenere il miglior risultato finale, con attenzione artigianale ai dettagli di ogni specifica questione e criteri retributivi in base ai risultati ottenuti. Membro di EALG, associazione internazionale di studi legali indipendenti (www.ealg.com), assiste la propria clientela nelle principali giurisdizioni internazionali.<\/span><\/p>\n<p>[\/et_pb_text][\/et_pb_column][\/et_pb_row][\/et_pb_section][et_pb_section fb_built=&#8221;1&#8243; admin_label=&#8221;Welcome Section&#8221; _builder_version=&#8221;4.19.5&#8243; background_color=&#8221;#003e5b&#8221; background_enable_image=&#8221;off&#8221; custom_padding=&#8221;5px|37px|5px|||&#8221; global_colors_info=&#8221;{}&#8221;][et_pb_row column_structure=&#8221;2_3,1_3&#8243; _builder_version=&#8221;4.27.4&#8243; _module_preset=&#8221;default&#8221; custom_margin=&#8221;|auto|3px|auto||&#8221; custom_padding=&#8221;||4px|||&#8221; border_style_all=&#8221;none&#8221; global_colors_info=&#8221;{}&#8221;][et_pb_column type=&#8221;2_3&#8243; _builder_version=&#8221;4.19.5&#8243; _module_preset=&#8221;default&#8221; global_colors_info=&#8221;{}&#8221;][et_pb_image src=&#8221;https:\/\/www.asterionelegge.it\/wp-content\/uploads\/2025\/01\/Cavani_VIRATA.jpg&#8221; title_text=&#8221;Cavani_VIRATA&#8221; _builder_version=&#8221;4.27.4&#8243; _module_preset=&#8221;default&#8221; width=&#8221;98.9%&#8221; custom_margin=&#8221;|||-10px||&#8221; custom_padding=&#8221;|||0px||&#8221; global_colors_info=&#8221;{}&#8221;][\/et_pb_image][\/et_pb_column][et_pb_column type=&#8221;1_3&#8243; _builder_version=&#8221;4.19.5&#8243; _module_preset=&#8221;default&#8221; global_colors_info=&#8221;{}&#8221;][et_pb_text _builder_version=&#8221;4.27.4&#8243; _module_preset=&#8221;default&#8221; width=&#8221;95%&#8221; custom_margin=&#8221;|-7px||||&#8221; custom_padding=&#8221;|11px||||&#8221; inline_fonts=&#8221;Verdana,Arial&#8221; global_colors_info=&#8221;{}&#8221;]<\/p>\n<p><span style=\"font-size: small; font-family: Arial; font-weight: normal;\"><span style=\"color: rgba(224, 208, 92, 0.67);\"><strong>Raffaele Cavani<\/strong> \u00e8 il fondatore di AsterioneLegge<em>. <\/em><\/span><span style=\"color: rgba(224, 208, 92, 0.67);\">Avvocato dal 1991, svolge attivit\u00e0 giudiziale e stragiudiziale. Si \u00e8 laureato in giurisprudenza <\/span><em style=\"color: rgba(224, 208, 92, 0.67);\">cum laude<\/em><span style=\"color: rgba(224, 208, 92, 0.67);\"> presso l\u2019Universit\u00e0 degli Studi di Modena (1988); ha conseguito un LL.M. presso la Law School dell\u2019University of Chicago (1993) e un dottorato di ricerca in diritto ed economia presso l\u2019Universit\u00e0 degli Studi di Sassari (1994). Autore di numerose pubblicazioni in materia di diritto commerciale e della concorrenza, professore aggregato di diritto commerciale comunitario presso l\u2019Universit\u00e0 degli Studi di Modena e Reggio Emilia (2000 \u2013 2006), \u00e8 fluente in inglese, francese e spagnolo. <\/span><span style=\"color: rgba(224, 208, 92, 0.67);\">Nel corso della propria carriera, ha collaborato con primari studi legali internazionali a New York e Bruxelles; \u00e8 stato giurista d\u2019impresa, responsabile per l\u2019Europa, per gli affari legali di una societ\u00e0 multinazionale <\/span><em style=\"color: rgba(224, 208, 92, 0.67);\">leader<\/em><span style=\"color: rgba(224, 208, 92, 0.67);\"> nel settore IT; \u00e8 stato partner fondatore di primari studi legali nazionali. <\/span><span style=\"color: rgba(224, 208, 92, 0.67);\">Le sue principali aree di attivit\u00e0 professionale sono il diritto degli affari, societario e commerciale, inclusi m&amp;a e private equity; diritto antitrust e della concorrenza; diritto dell\u2019arte e della comunicazione.<\/span><\/span><\/p>\n<p>[\/et_pb_text][\/et_pb_column][\/et_pb_row][et_pb_row column_structure=&#8221;2_3,1_3&#8243; _builder_version=&#8221;4.27.4&#8243; _module_preset=&#8221;default&#8221; custom_margin=&#8221;|auto|3px|auto|false|false&#8221; custom_padding=&#8221;0px||4px||false|false&#8221; global_colors_info=&#8221;{}&#8221;][et_pb_column type=&#8221;2_3&#8243; _builder_version=&#8221;4.27.0&#8243; _module_preset=&#8221;default&#8221; global_colors_info=&#8221;{}&#8221;][et_pb_image src=&#8221;https:\/\/www.asterionelegge.it\/wp-content\/uploads\/2025\/01\/AGNESE_VIRATA-2.jpg&#8221; title_text=&#8221;AGNESE_VIRATA&#8221; _builder_version=&#8221;4.27.4&#8243; _module_preset=&#8221;default&#8221; width=&#8221;98.9%&#8221; custom_margin=&#8221;33px|||||&#8221; global_colors_info=&#8221;{}&#8221;][\/et_pb_image][\/et_pb_column][et_pb_column type=&#8221;1_3&#8243; _builder_version=&#8221;4.27.0&#8243; _module_preset=&#8221;default&#8221; global_colors_info=&#8221;{}&#8221;][et_pb_text _builder_version=&#8221;4.27.4&#8243; _module_preset=&#8221;default&#8221; width=&#8221;95%&#8221; min_height=&#8221;333.2px&#8221; custom_margin=&#8221;36px|27px||||&#8221; custom_padding=&#8221;|||1px||&#8221; inline_fonts=&#8221;Georgia,Verdana,Arial&#8221; global_colors_info=&#8221;{}&#8221;]<\/p>\n<p style=\"font-weight: 400;\"><span style=\"color: rgba(224, 208, 92, 0.67); font-family: Arial; font-weight: normal; font-size: small;\"><strong>Agnese Gozzi<\/strong>, avvocato, svolge attivit\u00e0 giudiziale e stragiudiziale. Si \u00e8 laureata in\u00a0giurisprudenza presso l\u2019Universit\u00e0 Cattolica del Sacro Cuore di Milano e ha completato un\u00a0corso professionale in Art Business presso Sotheby\u2019s Institute of Art\u00a0a Londra\u00a0e un corso di Art Law presso Center For Art Law a New York. Nel corso\u00a0della propria carriera, ha collaborato con studi nazionali ed internazionali. Ha lavorato\u00a0come cultore della materia di diritto commerciale presso l\u2019Universit\u00e0 Cattolica del Sacro\u00a0Cuore di Milano.\u00a0Le sue principali aree di attivit\u00e0 professionale sono il diritto societario, commerciale e il\u00a0diritto dell\u2019arte.<\/span><br \/><span style=\"color: rgba(224, 208, 92, 0.67); font-family: Arial; font-weight: normal; font-size: small;\"><span lang=\"EN-US\">Parla<\/span><span lang=\"EN-US\">\u00a0inglese e spagnolo.<\/span><\/span><\/p>\n<p>[\/et_pb_text][\/et_pb_column][\/et_pb_row][\/et_pb_section][et_pb_section fb_built=&#8221;1&#8243; _builder_version=&#8221;4.27.4&#8243; _module_preset=&#8221;default&#8221; background_color=&#8221;#003e5b&#8221; global_colors_info=&#8221;{}&#8221;][et_pb_row column_structure=&#8221;2_3,1_3&#8243; _builder_version=&#8221;4.27.4&#8243; _module_preset=&#8221;default&#8221; global_colors_info=&#8221;{}&#8221;][et_pb_column type=&#8221;2_3&#8243; _builder_version=&#8221;4.27.4&#8243; _module_preset=&#8221;default&#8221; global_colors_info=&#8221;{}&#8221;][et_pb_image src=&#8221;https:\/\/www.asterionelegge.it\/wp-content\/uploads\/2025\/06\/Morandi_VIRATA.jpg&#8221; title_text=&#8221;Morandi_VIRATA&#8221; _builder_version=&#8221;4.27.4&#8243; _module_preset=&#8221;default&#8221; width=&#8221;98.9%&#8221; custom_margin=&#8221;|||-15px||&#8221; hover_enabled=&#8221;0&#8243; global_colors_info=&#8221;{}&#8221; sticky_enabled=&#8221;0&#8243;][\/et_pb_image][\/et_pb_column][et_pb_column type=&#8221;1_3&#8243; _builder_version=&#8221;4.27.4&#8243; _module_preset=&#8221;default&#8221; global_colors_info=&#8221;{}&#8221;][et_pb_text _builder_version=&#8221;4.27.4&#8243; _module_preset=&#8221;default&#8221; width=&#8221;95%&#8221; custom_margin=&#8221;|||-19px||&#8221; hover_enabled=&#8221;0&#8243; inline_fonts=&#8221;Arial&#8221; global_colors_info=&#8221;{}&#8221; sticky_enabled=&#8221;0&#8243;]<\/p>\n<p style=\"font-weight: 400;\"><span style=\"color: rgba(224, 208, 92, 0.67); font-size: small; font-family: Arial;\"><strong>Of Counsel di AsterioneLegge, <\/strong>Francesco Morandi\u00a0\u00e8 Professore ordinario di Diritto dei trasporti e del turismo nell\u2018Universit\u00e0 di Sassari e di EU Tourism and Transport Law nell\u2019Universit\u00e0 di Roma Tre e presso l\u2018IREST dell\u2019Universit\u00e9 Paris 1 Panth\u00e9on-Sorbonne. Dottore di ricerca in Diritto ed economia, \u00e8 stato membro del Consiglio Universitario Nazionale, Preside della Facolt\u00e0 di Economia e Prorettore dell\u2019Universit\u00e0 di Sassari, visiting professor in Argentina e negli USA.<\/span><\/p>\n<p style=\"font-weight: 400;\"><span style=\"color: rgba(224, 208, 92, 0.67); font-size: small; font-family: Arial;\">Avvocato dal 1992, svolge attivit\u00e0 di collaborazione scientifica e di consulenza (ex art. 6, co. 10, legge n. 240\/2010) per studi legali, enti pubblici, associazioni di categoria e societ\u00e0 private.<\/span><\/p>\n<p style=\"font-weight: 400;\"><span style=\"color: rgba(224, 208, 92, 0.67); font-size: small; font-family: Arial;\">Ricopre incarichi di leadership nella gestione di progetti complessi e in consigli di amministrazione. Ha esperienza diretta nella redazione di testi di legge, dall\u2019attuazione della direttiva pacchetti turistici al UNWTO International Code for the Protection of Tourists (ICPT) per UN Tourism, del quale \u00e8 Legal Expert dal 2021.<\/span><\/p>\n<p style=\"font-weight: 400;\"><span style=\"color: rgba(224, 208, 92, 0.67); font-size: small; font-family: Arial;\">Autore di numerose pubblicazioni nazionali e internazionali, ha fondato e dirige la Rivista italiana di Diritto del turismo, coordina gruppi di ricerca impegnati su temi di diritto e management dei trasporti e del turismo.<\/span><\/p>\n<p style=\"font-weight: 400;\"><span style=\"color: rgba(224, 208, 92, 0.67); font-size: small; font-family: Arial;\">Si occupa principalmente di trasporto aereo, marittimo, stradale e ferroviario, infrastrutture (aeroporti e porti), portualit\u00e0 turistica e nautica da diporto, politica del turismo e organizzazione dei sistemi turistici (DMO, DMC, STL), real estate e hospitality (strutture ricettive, attivit\u00e0 alberghiere e all&#8217;aria aperta e STRs), professioni e servizi turistici, tour operator e agenzie di viaggio, contratti di viaggio e altri contratti turistici.<\/span><\/p>\n<p>[\/et_pb_text][\/et_pb_column][\/et_pb_row][et_pb_row column_structure=&#8221;2_3,1_3&#8243; _builder_version=&#8221;4.27.4&#8243; _module_preset=&#8221;default&#8221; global_colors_info=&#8221;{}&#8221;][et_pb_column type=&#8221;2_3&#8243; _builder_version=&#8221;4.27.4&#8243; _module_preset=&#8221;default&#8221; global_colors_info=&#8221;{}&#8221;][et_pb_image src=&#8221;https:\/\/www.asterionelegge.it\/wp-content\/uploads\/2025\/11\/AVVOCATA_VIRATA-2.jpg&#8221; title_text=&#8221;AVVOCATA_VIRATA&#8221; _builder_version=&#8221;4.27.4&#8243; _module_preset=&#8221;default&#8221; width=&#8221;98.9%&#8221; max_width=&#8221;1080%&#8221; custom_margin=&#8221;|13px||||&#8221; hover_enabled=&#8221;0&#8243; global_colors_info=&#8221;{}&#8221; sticky_enabled=&#8221;0&#8243;][\/et_pb_image][\/et_pb_column][et_pb_column type=&#8221;1_3&#8243; _builder_version=&#8221;4.27.4&#8243; _module_preset=&#8221;default&#8221; global_colors_info=&#8221;{}&#8221;][et_pb_text _builder_version=&#8221;4.27.4&#8243; _module_preset=&#8221;default&#8221; width=&#8221;95%&#8221; custom_padding=&#8221;|||9px||&#8221; global_colors_info=&#8221;{}&#8221; custom_margin=&#8221;|||-21px||&#8221;]<\/p>\n<p><span style=\"color: rgba(224, 208, 92, 0.67); font-size: small;\"><strong><em>Of Counsel<\/em> di AsterioneLegge<\/strong>, Marl\u00e8ne Giuliani svolge attivit\u00e0 giudiziale e stragiudiziale nel campo del diritto civile e commerciale, del turismo e dei trasporti.<\/span><\/p>\n<p><span style=\"color: rgba(224, 208, 92, 0.67); font-size: small;\">Laureata presso l\u2019Universit\u00e0 Alma Mater Studiorum di Bologna, ha conseguito un Dottorato di Ricerca in Economia Agroalimentare presso l\u2019Universit\u00e0 di Catania.<\/span><\/p>\n<p><span style=\"color: rgba(224, 208, 92, 0.67); font-size: small;\">Ha inoltre maturato una vasta esperienza nella difesa di enti locali, enti pubblici non economici con personalit\u00e0 giuridica di diritto privato, societ\u00e0 private nazionali ed internazionali concessionarie di pubblici servizi davanti alle giurisdizioni ordinarie ed amministrative in materia di contratti di appalto, disciplinari di concessione in licenza di pubblici servizi e recupero dei crediti commerciali.<\/span><\/p>\n<p>[\/et_pb_text][\/et_pb_column][\/et_pb_row][\/et_pb_section][et_pb_section fb_built=&#8221;1&#8243; _builder_version=&#8221;4.27.4&#8243; _module_preset=&#8221;default&#8221; background_color=&#8221;#003e5b&#8221; custom_padding=&#8221;5px|37px|5px||false|false&#8221; global_colors_info=&#8221;{}&#8221;][\/et_pb_section]<\/p>\n","protected":false},"excerpt":{"rendered":"<p>AsterioneLegge \u00e8 uno studio legale focalizzato sul diritto dell\u2019impresa e degli affari. Si avvale della collaborazione di numerosi professionisti con solida esperienza \u2013 in Italia e all\u2019estero &#8211; nei settori del diritto societario e commerciale, fusioni ed acquisizioni, private equity, diritto della concorrenza e antitrust, e del diritto dell\u2019arte. AsterioneLegge nasce e si nutre dell\u2019idea [&hellip;]<\/p>\n","protected":false},"author":1,"featured_media":0,"parent":0,"menu_order":0,"comment_status":"closed","ping_status":"closed","template":"","meta":{"_et_pb_use_builder":"on","_et_pb_old_content":"","_et_gb_content_width":""},"yoast_head":"<!-- This site is optimized with the Yoast SEO plugin v20.1 - https:\/\/yoast.com\/wordpress\/plugins\/seo\/ -->\n<title>UNO A UNO - Asterione Legge<\/title>\n<meta name=\"robots\" content=\"index, follow, max-snippet:-1, max-image-preview:large, max-video-preview:-1\" \/>\n<link rel=\"canonical\" href=\"https:\/\/www.asterionelegge.it\/it\/uno-a-uno\/\" \/>\n<meta property=\"og:locale\" content=\"it_IT\" \/>\n<meta property=\"og:type\" content=\"article\" \/>\n<meta property=\"og:title\" content=\"UNO A UNO - Asterione Legge\" \/>\n<meta property=\"og:description\" content=\"AsterioneLegge \u00e8 uno studio legale focalizzato sul diritto dell\u2019impresa e degli affari. Si avvale della collaborazione di numerosi professionisti con solida esperienza \u2013 in Italia e all\u2019estero - nei settori del diritto societario e commerciale, fusioni ed acquisizioni, private equity, diritto della concorrenza e antitrust, e del diritto dell\u2019arte. AsterioneLegge nasce e si nutre dell\u2019idea [&hellip;]\" \/>\n<meta property=\"og:url\" content=\"https:\/\/www.asterionelegge.it\/it\/uno-a-uno\/\" \/>\n<meta property=\"og:site_name\" content=\"Asterione Legge\" \/>\n<meta property=\"article:modified_time\" content=\"2025-11-25T16:58:13+00:00\" \/>\n<meta name=\"twitter:card\" content=\"summary_large_image\" \/>\n<meta name=\"twitter:label1\" content=\"Tempo di lettura stimato\" \/>\n\t<meta name=\"twitter:data1\" content=\"8 minuti\" \/>\n<script type=\"application\/ld+json\" class=\"yoast-schema-graph\">{\"@context\":\"https:\/\/schema.org\",\"@graph\":[{\"@type\":\"WebPage\",\"@id\":\"https:\/\/www.asterionelegge.it\/it\/uno-a-uno\/\",\"url\":\"https:\/\/www.asterionelegge.it\/it\/uno-a-uno\/\",\"name\":\"UNO A UNO - Asterione Legge\",\"isPartOf\":{\"@id\":\"https:\/\/www.asterionelegge.it\/it\/#website\"},\"datePublished\":\"2023-02-09T14:32:27+00:00\",\"dateModified\":\"2025-11-25T16:58:13+00:00\",\"breadcrumb\":{\"@id\":\"https:\/\/www.asterionelegge.it\/it\/uno-a-uno\/#breadcrumb\"},\"inLanguage\":\"it-IT\",\"potentialAction\":[{\"@type\":\"ReadAction\",\"target\":[\"https:\/\/www.asterionelegge.it\/it\/uno-a-uno\/\"]}]},{\"@type\":\"BreadcrumbList\",\"@id\":\"https:\/\/www.asterionelegge.it\/it\/uno-a-uno\/#breadcrumb\",\"itemListElement\":[{\"@type\":\"ListItem\",\"position\":1,\"name\":\"Home\",\"item\":\"https:\/\/www.asterionelegge.it\/it\/\"},{\"@type\":\"ListItem\",\"position\":2,\"name\":\"UNO A UNO\"}]},{\"@type\":\"WebSite\",\"@id\":\"https:\/\/www.asterionelegge.it\/it\/#website\",\"url\":\"https:\/\/www.asterionelegge.it\/it\/\",\"name\":\"Asterione Legge\",\"description\":\"AsterioneLegge \u00e8 uno studio legale focalizzato sul diritto dell\u2019impresa e degli affari\",\"potentialAction\":[{\"@type\":\"SearchAction\",\"target\":{\"@type\":\"EntryPoint\",\"urlTemplate\":\"https:\/\/www.asterionelegge.it\/it\/?s={search_term_string}\"},\"query-input\":\"required name=search_term_string\"}],\"inLanguage\":\"it-IT\"}]}<\/script>\n<!-- \/ Yoast SEO plugin. -->","yoast_head_json":{"title":"UNO A UNO - Asterione Legge","robots":{"index":"index","follow":"follow","max-snippet":"max-snippet:-1","max-image-preview":"max-image-preview:large","max-video-preview":"max-video-preview:-1"},"canonical":"https:\/\/www.asterionelegge.it\/it\/uno-a-uno\/","og_locale":"it_IT","og_type":"article","og_title":"UNO A UNO - Asterione Legge","og_description":"AsterioneLegge \u00e8 uno studio legale focalizzato sul diritto dell\u2019impresa e degli affari. Si avvale della collaborazione di numerosi professionisti con solida esperienza \u2013 in Italia e all\u2019estero - nei settori del diritto societario e commerciale, fusioni ed acquisizioni, private equity, diritto della concorrenza e antitrust, e del diritto dell\u2019arte. AsterioneLegge nasce e si nutre dell\u2019idea [&hellip;]","og_url":"https:\/\/www.asterionelegge.it\/it\/uno-a-uno\/","og_site_name":"Asterione Legge","article_modified_time":"2025-11-25T16:58:13+00:00","twitter_card":"summary_large_image","twitter_misc":{"Tempo di lettura stimato":"8 minuti"},"schema":{"@context":"https:\/\/schema.org","@graph":[{"@type":"WebPage","@id":"https:\/\/www.asterionelegge.it\/it\/uno-a-uno\/","url":"https:\/\/www.asterionelegge.it\/it\/uno-a-uno\/","name":"UNO A UNO - Asterione Legge","isPartOf":{"@id":"https:\/\/www.asterionelegge.it\/it\/#website"},"datePublished":"2023-02-09T14:32:27+00:00","dateModified":"2025-11-25T16:58:13+00:00","breadcrumb":{"@id":"https:\/\/www.asterionelegge.it\/it\/uno-a-uno\/#breadcrumb"},"inLanguage":"it-IT","potentialAction":[{"@type":"ReadAction","target":["https:\/\/www.asterionelegge.it\/it\/uno-a-uno\/"]}]},{"@type":"BreadcrumbList","@id":"https:\/\/www.asterionelegge.it\/it\/uno-a-uno\/#breadcrumb","itemListElement":[{"@type":"ListItem","position":1,"name":"Home","item":"https:\/\/www.asterionelegge.it\/it\/"},{"@type":"ListItem","position":2,"name":"UNO A UNO"}]},{"@type":"WebSite","@id":"https:\/\/www.asterionelegge.it\/it\/#website","url":"https:\/\/www.asterionelegge.it\/it\/","name":"Asterione Legge","description":"AsterioneLegge \u00e8 uno studio legale focalizzato sul diritto dell\u2019impresa e degli affari","potentialAction":[{"@type":"SearchAction","target":{"@type":"EntryPoint","urlTemplate":"https:\/\/www.asterionelegge.it\/it\/?s={search_term_string}"},"query-input":"required name=search_term_string"}],"inLanguage":"it-IT"}]}},"_links":{"self":[{"href":"https:\/\/www.asterionelegge.it\/it\/wp-json\/wp\/v2\/pages\/51"}],"collection":[{"href":"https:\/\/www.asterionelegge.it\/it\/wp-json\/wp\/v2\/pages"}],"about":[{"href":"https:\/\/www.asterionelegge.it\/it\/wp-json\/wp\/v2\/types\/page"}],"author":[{"embeddable":true,"href":"https:\/\/www.asterionelegge.it\/it\/wp-json\/wp\/v2\/users\/1"}],"replies":[{"embeddable":true,"href":"https:\/\/www.asterionelegge.it\/it\/wp-json\/wp\/v2\/comments?post=51"}],"version-history":[{"count":54,"href":"https:\/\/www.asterionelegge.it\/it\/wp-json\/wp\/v2\/pages\/51\/revisions"}],"predecessor-version":[{"id":712,"href":"https:\/\/www.asterionelegge.it\/it\/wp-json\/wp\/v2\/pages\/51\/revisions\/712"}],"wp:attachment":[{"href":"https:\/\/www.asterionelegge.it\/it\/wp-json\/wp\/v2\/media?parent=51"}],"curies":[{"name":"wp","href":"https:\/\/api.w.org\/{rel}","templated":true}]}}